{"id":3,"date":"2024-09-27T10:24:35","date_gmt":"2024-09-27T10:24:35","guid":{"rendered":"https:\/\/tavigriesti.lv\/?page_id=3"},"modified":"2024-11-21T15:00:03","modified_gmt":"2024-11-21T13:00:03","slug":"privacy-policy","status":"publish","type":"page","link":"https:\/\/www.tavigriesti.lv\/en\/privacy-policy\/","title":{"rendered":"Privacy Policy"},"content":{"rendered":"<h1 class=\"wp-block-heading has-text-align-center mtop9 has-ast-global-color-1-color has-text-color has-link-color wp-elements-fa1464fb5c3976d2e53558b2af576ff9\" style=\"margin-top:0;margin-bottom:0\">Privacy Policy<\/h1>\n\n\n\n<h2 class=\"wp-block-heading has-ast-global-color-1-color has-text-color has-link-color has-large-font-size wp-elements-e74e1b8fcde58f3cb04207b620a1b3ae\" style=\"margin-top:0;margin-right:0;margin-bottom:0;margin-left:var(--wp--preset--spacing--50)\">Who we are<\/h2>\n\n\n\n<p class=\"has-medium-font-size\" style=\"margin-left:var(--wp--preset--spacing--50)\">TaviGriesti.lv,&nbsp;(here in after referred to as \u2018Site\u2019, \u2018We\u2019, or \u2018Us\u2019) respect the privacy concerns of the users of this Site, and created this privacy statement to explain what information we gather from your visit to our Site, and how such information may be used.<\/p>\n\n\n\n<h2 class=\"wp-block-heading has-ast-global-color-1-color has-text-color has-link-color has-large-font-size wp-elements-ff9d8c5965b632b4af92bccb7f2e05e4\" style=\"margin-top:0;margin-right:0;margin-bottom:0;margin-left:var(--wp--preset--spacing--50)\">Use of Information<\/h2>\n\n\n\n<p class=\"has-medium-font-size\" style=\"margin-left:var(--wp--preset--spacing--50)\">As a general policy, no personally identifiable information, such as your name or address, is automatically collected from Site visits. However, certain non-personal information is recorded by the standard operation of internet servers. Information such as the type of browser being used, its operating system, and your IP address is gathered in order to enhance your online experience. For example, it may be used to tailor content and advertising to your interests.<\/p>\n\n\n\n<p class=\"has-medium-font-size\" style=\"margin-left:var(--wp--preset--spacing--50)\">In special cases, We may disclose user information when there is reason to believe that disclosing this information is necessary to identify, contact or bring legal action against someone who may be causing injury to, or interference (either intentionally or unintentionally) with, Site\u2019s rights or property, other Site users, or anyone else that could be harmed by such activities.<\/p>\n\n\n\n<h2 class=\"wp-block-heading has-ast-global-color-1-color has-text-color has-link-color has-large-font-size wp-elements-ae4090174b24a57520063e9ac995749a\" style=\"margin-top:0;margin-right:0;margin-bottom:0;margin-left:var(--wp--preset--spacing--50)\">Security<\/h2>\n\n\n\n<p class=\"has-medium-font-size\" style=\"margin-left:var(--wp--preset--spacing--50)\">Security for all personally identifiable information is extremely important to us. Unfortunately, no data transmission over the Internet can be guaranteed to be 100% secure. While we strive to protect your personal information, we cannot ensure or warrant the security of any information you transmit to us or from our online forms, and you do so at your own risk. Once we receive your transmission, we make our best effort to ensure its security on our systems.<\/p>\n\n\n\n<h2 class=\"wp-block-heading has-ast-global-color-1-color has-text-color has-link-color has-large-font-size wp-elements-f763325e9118a0f3e888c34034f48c7f\" style=\"margin-top:0;margin-right:0;margin-bottom:0;margin-left:var(--wp--preset--spacing--50)\">Comments<\/h2>\n\n\n\n<p class=\"has-medium-font-size\" style=\"margin-left:var(--wp--preset--spacing--50)\">When visitors leave comments on the site we collect the data shown in the comments form, and also the visitor\u2019s IP address and browser user agent string to help spam detection.<\/p>\n\n\n\n<p class=\"has-medium-font-size\" style=\"margin-left:var(--wp--preset--spacing--50)\">An anonymized string created from your email address (also called a hash) may be provided to the Gravatar service to see if you are using it. The Gravatar service privacy policy is available here: https:\/\/automattic.com\/privacy\/. After approval of your comment, your profile picture is visible to the public in the context of your comment.<\/p>\n\n\n\n<h2 class=\"wp-block-heading has-ast-global-color-1-color has-text-color has-link-color has-large-font-size wp-elements-d41795c1e9c20f8a4a9c1420bb721cc4\" style=\"margin-top:0;margin-right:0;margin-bottom:0;margin-left:var(--wp--preset--spacing--50)\">Media<\/h2>\n\n\n\n<p class=\"has-medium-font-size\" style=\"margin-left:var(--wp--preset--spacing--50)\">If you upload images to the website, you should avoid uploading images with embedded location data (EXIF GPS) included. Visitors to the website can download and extract any location data from images on the website.<\/p>\n\n\n\n<h2 class=\"wp-block-heading has-ast-global-color-1-color has-text-color has-link-color has-large-font-size wp-elements-b9343d239a6e3f962f2a590371131d3d\" style=\"margin-top:0;margin-right:0;margin-bottom:0;margin-left:var(--wp--preset--spacing--50)\">Cookies<\/h2>\n\n\n\n<p class=\"has-medium-font-size\" style=\"margin-left:var(--wp--preset--spacing--50)\">If you leave a comment on our site you may opt-in to saving your name, email address and website in cookies. These are for your convenience so that you do not have to fill in your details again when you leave another comment. These cookies will last for one year.<\/p>\n\n\n\n<p class=\"has-medium-font-size\" style=\"margin-left:var(--wp--preset--spacing--50)\">If you visit our login page, we will set a temporary cookie to determine if your browser accepts cookies. This cookie contains no personal data and is discarded when you close your browser.<\/p>\n\n\n\n<p class=\"has-medium-font-size\" style=\"margin-left:var(--wp--preset--spacing--50)\">When you log in, we will also set up several cookies to save your login information and your screen display choices. Login cookies last for two days, and screen options cookies last for a year. If you select &#8220;Remember Me&#8221;, your login will persist for two weeks. If you log out of your account, the login cookies will be removed.<\/p>\n\n\n\n<p class=\"has-medium-font-size\" style=\"margin-left:var(--wp--preset--spacing--50)\">If you edit or publish an article, an additional cookie will be saved in your browser. This cookie includes no personal data and simply indicates the post ID of the article you just edited. It expires after 1 day.<\/p>\n\n\n\n<h2 class=\"wp-block-heading has-ast-global-color-1-color has-text-color has-link-color has-large-font-size wp-elements-60ea149d4ec1524212a5d98218f9207c\" style=\"margin-top:0;margin-right:0;margin-bottom:0;margin-left:var(--wp--preset--spacing--50)\">Embedded content from other websites<\/h2>\n\n\n\n<p class=\"has-medium-font-size\" style=\"margin-left:var(--wp--preset--spacing--50)\">Articles on this site may include embedded content (e.g. videos, images, articles, etc.). Embedded content from other websites behaves in the exact same way as if the visitor has visited the other website.<\/p>\n\n\n\n<p class=\"has-medium-font-size\" style=\"margin-left:var(--wp--preset--spacing--50)\">These websites may collect data about you, use cookies, embed additional third-party tracking, and monitor your interaction with that embedded content, including tracking your interaction with the embedded content if you have an account and are logged in to that website.<\/p>\n\n\n\n<h2 class=\"wp-block-heading has-ast-global-color-1-color has-text-color has-link-color has-large-font-size wp-elements-1aace13a6b0fecc524208443c00c35bd\" style=\"margin-top:0;margin-right:0;margin-bottom:0;margin-left:var(--wp--preset--spacing--50)\">Who we share your data with<\/h2>\n\n\n\n<p class=\"has-medium-font-size\" style=\"margin-left:var(--wp--preset--spacing--50)\">If you request a password reset, your IP address will be included in the reset email.<\/p>\n\n\n\n<h2 class=\"wp-block-heading has-ast-global-color-1-color has-text-color has-link-color has-large-font-size wp-elements-f433c98324a8510c19cb40434cc0fe7e\" style=\"margin-top:0;margin-right:0;margin-bottom:0;margin-left:var(--wp--preset--spacing--50)\">How long we retain your data<\/h2>\n\n\n\n<p class=\"has-medium-font-size\" style=\"margin-left:var(--wp--preset--spacing--50)\">If you leave a comment, the comment and its metadata are retained indefinitely. This is so we can recognize and approve any follow-up comments automatically instead of holding them in a moderation queue.<\/p>\n\n\n\n<p class=\"has-medium-font-size\" style=\"margin-left:var(--wp--preset--spacing--50)\">For users that register on our website (if any), we also store the personal information they provide in their user profile. All users can see, edit, or delete their personal information at any time (except they cannot change their username). Website administrators can also see and edit that information.<\/p>\n\n\n\n<h2 class=\"wp-block-heading has-ast-global-color-1-color has-text-color has-link-color has-large-font-size wp-elements-e8ad426bd791374295530e2c21c86a6e\" style=\"margin-top:0;margin-right:0;margin-bottom:0;margin-left:var(--wp--preset--spacing--50)\">What rights you have over your data<\/h2>\n\n\n\n<p class=\"has-medium-font-size\" style=\"margin-left:var(--wp--preset--spacing--50)\"><strong class=\"privacy-policy-tutorial\"> <\/strong>If you have an account on this site, or have left comments, you can request to receive an exported file of the personal data we hold about you, including any data you have provided to us. You can also request that we erase any personal data we hold about you. This does not include any data we are obliged to keep for administrative, legal, or security purposes.<\/p>\n\n\n\n<h2 class=\"wp-block-heading has-ast-global-color-1-color has-text-color has-link-color has-large-font-size wp-elements-e31115b8f41bd54abf7714ecc93305b7\" style=\"margin-top:0;margin-right:0;margin-bottom:0;margin-left:var(--wp--preset--spacing--50)\">Where your data is sent<\/h2>\n\n\n\n<p class=\"has-medium-font-size\" style=\"margin-left:var(--wp--preset--spacing--50)\">Visitor comments may be checked through an automated spam detection service.<\/p>","protected":false},"excerpt":{"rendered":"<p>Privacy Policy Who we are TaviGriesti.lv,&nbsp;(here in after referred to as \u2018Site\u2019, \u2018We\u2019, or \u2018Us\u2019) respect the privacy concerns of the users of this Site, and created this privacy statement to explain what information we gather from your visit to our Site, and how such information may be used. Use of Information As a general [&hellip;]<\/p>\n","protected":false},"author":1,"featured_media":0,"parent":0,"menu_order":0,"comment_status":"closed","ping_status":"closed","template":"","meta":{"_uag_custom_page_level_css":"","site-sidebar-layout":"default","site-content-layout":"","ast-site-content-layout":"default","site-content-style":"default","site-sidebar-style":"default","ast-global-header-display":"","ast-banner-title-visibility":"","ast-main-header-display":"","ast-hfb-above-header-display":"","ast-hfb-below-header-display":"","ast-hfb-mobile-header-display":"","site-post-title":"disabled","ast-breadcrumbs-content":"","ast-featured-img":"","footer-sml-layout":"","ast-disable-related-posts":"","theme-transparent-header-meta":"","adv-header-id-meta":"","stick-header-meta":"","header-above-stick-meta":"","header-main-stick-meta":"","header-below-stick-meta":"","astra-migrate-meta-layouts":"set","ast-page-background-enabled":"default","ast-page-background-meta":{"desktop":{"background-color":"","background-image":"","background-repeat":"repeat","background-position":"center center","background-size":"auto","background-attachment":"scroll","background-type":"","background-media":"","overlay-type":"","overlay-color":"","overlay-opacity":"","overlay-gradient":""},"tablet":{"background-color":"","background-image":"","background-repeat":"repeat","background-position":"center center","background-size":"auto","background-attachment":"scroll","background-type":"","background-media":"","overlay-type":"","overlay-color":"","overlay-opacity":"","overlay-gradient":""},"mobile":{"background-color":"","background-image":"","background-repeat":"repeat","background-position":"center center","background-size":"auto","background-attachment":"scroll","background-type":"","background-media":"","overlay-type":"","overlay-color":"","overlay-opacity":"","overlay-gradient":""}},"ast-content-background-meta":{"desktop":{"background-color":"var(--ast-global-color-5)","background-image":"","background-repeat":"repeat","background-position":"center center","background-size":"auto","background-attachment":"scroll","background-type":"","background-media":"","overlay-type":"","overlay-color":"","overlay-opacity":"","overlay-gradient":""},"tablet":{"background-color":"var(--ast-global-color-5)","background-image":"","background-repeat":"repeat","background-position":"center center","background-size":"auto","background-attachment":"scroll","background-type":"","background-media":"","overlay-type":"","overlay-color":"","overlay-opacity":"","overlay-gradient":""},"mobile":{"background-color":"var(--ast-global-color-5)","background-image":"","background-repeat":"repeat","background-position":"center center","background-size":"auto","background-attachment":"scroll","background-type":"","background-media":"","overlay-type":"","overlay-color":"","overlay-opacity":"","overlay-gradient":""}},"footnotes":""},"class_list":["post-3","page","type-page","status-publish","hentry"],"yoast_head":"<!-- This site is optimized with the Yoast SEO plugin v27.0 - https:\/\/yoast.com\/product\/yoast-seo-wordpress\/ -->\n<title>Privacy Policy | Tiem, kas skat\u0101s uz aug\u0161u<\/title>\n<meta name=\"description\" content=\"Stieptie griesti R\u012bg\u0101 un vis\u0101 Latvij\u0101! M\u0113s pied\u0101v\u0101jam pla\u0161u modernu un stil\u012bgu griestu kl\u0101stu, kas p\u0101rv\u0113rt\u012bs jebkuru interjeru. Augstas kvalit\u0101tes materi\u0101li, profesion\u0101la uzst\u0101d\u012b\u0161ana un individu\u0101la pieeja katram klientam. Izveidojiet unik\u0101lu atmosf\u0113ru sav\u0101s m\u0101j\u0101s vai biroj\u0101 ar m\u016bsu risin\u0101jumiem. Sazinieties ar mums, lai sa\u0146emtu bezmaksas konsult\u0101ciju un apr\u0113\u0137inu!\" \/>\n<meta name=\"robots\" content=\"index, follow, max-snippet:-1, max-image-preview:large, max-video-preview:-1\" \/>\n<link rel=\"canonical\" href=\"https:\/\/www.tavigriesti.lv\/en\/privacy-policy\/\" \/>\n<meta property=\"og:locale\" content=\"en_US\" \/>\n<meta property=\"og:type\" content=\"article\" \/>\n<meta property=\"og:title\" content=\"Privacy Policy | Tiem, kas skat\u0101s uz aug\u0161u\" \/>\n<meta property=\"og:description\" content=\"Stieptie griesti R\u012bg\u0101 un vis\u0101 Latvij\u0101! M\u0113s pied\u0101v\u0101jam pla\u0161u modernu un stil\u012bgu griestu kl\u0101stu, kas p\u0101rv\u0113rt\u012bs jebkuru interjeru. Augstas kvalit\u0101tes materi\u0101li, profesion\u0101la uzst\u0101d\u012b\u0161ana un individu\u0101la pieeja katram klientam. Izveidojiet unik\u0101lu atmosf\u0113ru sav\u0101s m\u0101j\u0101s vai biroj\u0101 ar m\u016bsu risin\u0101jumiem. Sazinieties ar mums, lai sa\u0146emtu bezmaksas konsult\u0101ciju un apr\u0113\u0137inu!\" \/>\n<meta property=\"og:url\" content=\"https:\/\/www.tavigriesti.lv\/en\/privacy-policy\/\" \/>\n<meta property=\"og:site_name\" content=\"Tavi Griesti\" \/>\n<meta property=\"article:modified_time\" content=\"2024-11-21T13:00:03+00:00\" \/>\n<meta name=\"twitter:card\" content=\"summary_large_image\" \/>\n<meta name=\"twitter:label1\" content=\"Est. reading time\" \/>\n\t<meta name=\"twitter:data1\" content=\"5 minutes\" \/>\n<script type=\"application\/ld+json\" class=\"yoast-schema-graph\">{\"@context\":\"https:\/\/schema.org\",\"@graph\":[{\"@type\":\"WebPage\",\"@id\":\"https:\/\/www.tavigriesti.lv\/privacy-policy\/\",\"url\":\"https:\/\/www.tavigriesti.lv\/privacy-policy\/\",\"name\":\"Privacy Policy | Tiem, kas skat\u0101s uz aug\u0161u\",\"isPartOf\":{\"@id\":\"https:\/\/www.tavigriesti.lv\/#website\"},\"datePublished\":\"2024-09-27T10:24:35+00:00\",\"dateModified\":\"2024-11-21T13:00:03+00:00\",\"description\":\"Stieptie griesti R\u012bg\u0101 un vis\u0101 Latvij\u0101! M\u0113s pied\u0101v\u0101jam pla\u0161u modernu un stil\u012bgu griestu kl\u0101stu, kas p\u0101rv\u0113rt\u012bs jebkuru interjeru. Augstas kvalit\u0101tes materi\u0101li, profesion\u0101la uzst\u0101d\u012b\u0161ana un individu\u0101la pieeja katram klientam. Izveidojiet unik\u0101lu atmosf\u0113ru sav\u0101s m\u0101j\u0101s vai biroj\u0101 ar m\u016bsu risin\u0101jumiem. Sazinieties ar mums, lai sa\u0146emtu bezmaksas konsult\u0101ciju un apr\u0113\u0137inu!\",\"breadcrumb\":{\"@id\":\"https:\/\/www.tavigriesti.lv\/privacy-policy\/#breadcrumb\"},\"inLanguage\":\"en-US\",\"potentialAction\":[{\"@type\":\"ReadAction\",\"target\":[\"https:\/\/www.tavigriesti.lv\/privacy-policy\/\"]}]},{\"@type\":\"BreadcrumbList\",\"@id\":\"https:\/\/www.tavigriesti.lv\/privacy-policy\/#breadcrumb\",\"itemListElement\":[{\"@type\":\"ListItem\",\"position\":1,\"name\":\"Home\",\"item\":\"https:\/\/www.tavigriesti.lv\/\"},{\"@type\":\"ListItem\",\"position\":2,\"name\":\"Privacy Policy\"}]},{\"@type\":\"WebSite\",\"@id\":\"https:\/\/www.tavigriesti.lv\/#website\",\"url\":\"https:\/\/www.tavigriesti.lv\/\",\"name\":\"TaviGriesti.lv\",\"description\":\"Tiem, kas skat\u0101s uz aug\u0161u\",\"publisher\":{\"@id\":\"https:\/\/www.tavigriesti.lv\/#organization\"},\"potentialAction\":[{\"@type\":\"SearchAction\",\"target\":{\"@type\":\"EntryPoint\",\"urlTemplate\":\"https:\/\/www.tavigriesti.lv\/?s={search_term_string}\"},\"query-input\":{\"@type\":\"PropertyValueSpecification\",\"valueRequired\":true,\"valueName\":\"search_term_string\"}}],\"inLanguage\":\"en-US\"},{\"@type\":\"Organization\",\"@id\":\"https:\/\/www.tavigriesti.lv\/#organization\",\"name\":\"Tavi Griesti\",\"url\":\"https:\/\/www.tavigriesti.lv\/\",\"logo\":{\"@type\":\"ImageObject\",\"inLanguage\":\"en-US\",\"@id\":\"https:\/\/www.tavigriesti.lv\/#\/schema\/logo\/image\/\",\"url\":\"https:\/\/www.tavigriesti.lv\/wp-content\/uploads\/2024\/11\/tavigriesti_card-1.png\",\"contentUrl\":\"https:\/\/www.tavigriesti.lv\/wp-content\/uploads\/2024\/11\/tavigriesti_card-1.png\",\"width\":1401,\"height\":1051,\"caption\":\"Tavi Griesti\"},\"image\":{\"@id\":\"https:\/\/www.tavigriesti.lv\/#\/schema\/logo\/image\/\"},\"sameAs\":[\"https:\/\/www.youtube.com\/@Franugriesti\/featured\",\"https:\/\/www.instagram.com\/tavi_griesti?igsh=MWt0dHMzZWFid3J6bA==\",\"https:\/\/web.telegram.org\/k\/#@tavigriesti\"]}]}<\/script>\n<!-- \/ Yoast SEO plugin. -->","yoast_head_json":{"title":"Privacy Policy | Tiem, kas skat\u0101s uz aug\u0161u","description":"Stieptie griesti R\u012bg\u0101 un vis\u0101 Latvij\u0101! M\u0113s pied\u0101v\u0101jam pla\u0161u modernu un stil\u012bgu griestu kl\u0101stu, kas p\u0101rv\u0113rt\u012bs jebkuru interjeru. Augstas kvalit\u0101tes materi\u0101li, profesion\u0101la uzst\u0101d\u012b\u0161ana un individu\u0101la pieeja katram klientam. Izveidojiet unik\u0101lu atmosf\u0113ru sav\u0101s m\u0101j\u0101s vai biroj\u0101 ar m\u016bsu risin\u0101jumiem. Sazinieties ar mums, lai sa\u0146emtu bezmaksas konsult\u0101ciju un apr\u0113\u0137inu!","robots":{"index":"index","follow":"follow","max-snippet":"max-snippet:-1","max-image-preview":"max-image-preview:large","max-video-preview":"max-video-preview:-1"},"canonical":"https:\/\/www.tavigriesti.lv\/en\/privacy-policy\/","og_locale":"en_US","og_type":"article","og_title":"Privacy Policy | Tiem, kas skat\u0101s uz aug\u0161u","og_description":"Stieptie griesti R\u012bg\u0101 un vis\u0101 Latvij\u0101! M\u0113s pied\u0101v\u0101jam pla\u0161u modernu un stil\u012bgu griestu kl\u0101stu, kas p\u0101rv\u0113rt\u012bs jebkuru interjeru. Augstas kvalit\u0101tes materi\u0101li, profesion\u0101la uzst\u0101d\u012b\u0161ana un individu\u0101la pieeja katram klientam. Izveidojiet unik\u0101lu atmosf\u0113ru sav\u0101s m\u0101j\u0101s vai biroj\u0101 ar m\u016bsu risin\u0101jumiem. Sazinieties ar mums, lai sa\u0146emtu bezmaksas konsult\u0101ciju un apr\u0113\u0137inu!","og_url":"https:\/\/www.tavigriesti.lv\/en\/privacy-policy\/","og_site_name":"Tavi Griesti","article_modified_time":"2024-11-21T13:00:03+00:00","twitter_card":"summary_large_image","twitter_misc":{"Est. reading time":"5 minutes"},"schema":{"@context":"https:\/\/schema.org","@graph":[{"@type":"WebPage","@id":"https:\/\/www.tavigriesti.lv\/privacy-policy\/","url":"https:\/\/www.tavigriesti.lv\/privacy-policy\/","name":"Privacy Policy | Tiem, kas skat\u0101s uz aug\u0161u","isPartOf":{"@id":"https:\/\/www.tavigriesti.lv\/#website"},"datePublished":"2024-09-27T10:24:35+00:00","dateModified":"2024-11-21T13:00:03+00:00","description":"Stieptie griesti R\u012bg\u0101 un vis\u0101 Latvij\u0101! M\u0113s pied\u0101v\u0101jam pla\u0161u modernu un stil\u012bgu griestu kl\u0101stu, kas p\u0101rv\u0113rt\u012bs jebkuru interjeru. Augstas kvalit\u0101tes materi\u0101li, profesion\u0101la uzst\u0101d\u012b\u0161ana un individu\u0101la pieeja katram klientam. Izveidojiet unik\u0101lu atmosf\u0113ru sav\u0101s m\u0101j\u0101s vai biroj\u0101 ar m\u016bsu risin\u0101jumiem. Sazinieties ar mums, lai sa\u0146emtu bezmaksas konsult\u0101ciju un apr\u0113\u0137inu!","breadcrumb":{"@id":"https:\/\/www.tavigriesti.lv\/privacy-policy\/#breadcrumb"},"inLanguage":"en-US","potentialAction":[{"@type":"ReadAction","target":["https:\/\/www.tavigriesti.lv\/privacy-policy\/"]}]},{"@type":"BreadcrumbList","@id":"https:\/\/www.tavigriesti.lv\/privacy-policy\/#breadcrumb","itemListElement":[{"@type":"ListItem","position":1,"name":"Home","item":"https:\/\/www.tavigriesti.lv\/"},{"@type":"ListItem","position":2,"name":"Privacy Policy"}]},{"@type":"WebSite","@id":"https:\/\/www.tavigriesti.lv\/#website","url":"https:\/\/www.tavigriesti.lv\/","name":"TaviGriesti.lv","description":"For those who look up","publisher":{"@id":"https:\/\/www.tavigriesti.lv\/#organization"},"potentialAction":[{"@type":"SearchAction","target":{"@type":"EntryPoint","urlTemplate":"https:\/\/www.tavigriesti.lv\/?s={search_term_string}"},"query-input":{"@type":"PropertyValueSpecification","valueRequired":true,"valueName":"search_term_string"}}],"inLanguage":"en-US"},{"@type":"Organization","@id":"https:\/\/www.tavigriesti.lv\/#organization","name":"Tavi Griesti","url":"https:\/\/www.tavigriesti.lv\/","logo":{"@type":"ImageObject","inLanguage":"en-US","@id":"https:\/\/www.tavigriesti.lv\/#\/schema\/logo\/image\/","url":"https:\/\/www.tavigriesti.lv\/wp-content\/uploads\/2024\/11\/tavigriesti_card-1.png","contentUrl":"https:\/\/www.tavigriesti.lv\/wp-content\/uploads\/2024\/11\/tavigriesti_card-1.png","width":1401,"height":1051,"caption":"Tavi Griesti"},"image":{"@id":"https:\/\/www.tavigriesti.lv\/#\/schema\/logo\/image\/"},"sameAs":["https:\/\/www.youtube.com\/@Franugriesti\/featured","https:\/\/www.instagram.com\/tavi_griesti?igsh=MWt0dHMzZWFid3J6bA==","https:\/\/web.telegram.org\/k\/#@tavigriesti"]}]}},"uagb_featured_image_src":{"full":false,"thumbnail":false,"medium":false,"medium_large":false,"large":false,"1536x1536":false,"2048x2048":false,"trp-custom-language-flag":false},"uagb_author_info":{"display_name":"Tavi Griesti","author_link":"https:\/\/www.tavigriesti.lv\/en\/author\/ceiling1\/"},"uagb_comment_info":0,"uagb_excerpt":"Privacy Policy Who we are TaviGriesti.lv,&nbsp;(here in after referred to as \u2018Site\u2019, \u2018We\u2019, or \u2018Us\u2019) respect the privacy concerns of the users of this Site, and created this privacy statement to explain what information we gather from your visit to our Site, and how such information may be used. Use of Information As a general&hellip;","_links":{"self":[{"href":"https:\/\/www.tavigriesti.lv\/en\/wp-json\/wp\/v2\/pages\/3","targetHints":{"allow":["GET"]}}],"collection":[{"href":"https:\/\/www.tavigriesti.lv\/en\/wp-json\/wp\/v2\/pages"}],"about":[{"href":"https:\/\/www.tavigriesti.lv\/en\/wp-json\/wp\/v2\/types\/page"}],"author":[{"embeddable":true,"href":"https:\/\/www.tavigriesti.lv\/en\/wp-json\/wp\/v2\/users\/1"}],"replies":[{"embeddable":true,"href":"https:\/\/www.tavigriesti.lv\/en\/wp-json\/wp\/v2\/comments?post=3"}],"version-history":[{"count":7,"href":"https:\/\/www.tavigriesti.lv\/en\/wp-json\/wp\/v2\/pages\/3\/revisions"}],"predecessor-version":[{"id":3806,"href":"https:\/\/www.tavigriesti.lv\/en\/wp-json\/wp\/v2\/pages\/3\/revisions\/3806"}],"wp:attachment":[{"href":"https:\/\/www.tavigriesti.lv\/en\/wp-json\/wp\/v2\/media?parent=3"}],"curies":[{"name":"wp","href":"https:\/\/api.w.org\/{rel}","templated":true}]}}