{"id":3875,"date":"2024-11-25T13:20:20","date_gmt":"2024-11-25T11:20:20","guid":{"rendered":"https:\/\/www.tavigriesti.lv\/?page_id=3875"},"modified":"2025-09-15T16:13:18","modified_gmt":"2025-09-15T14:13:18","slug":"elektriba","status":"publish","type":"page","link":"https:\/\/www.tavigriesti.lv\/en\/pakalpojumi\/elektriba\/","title":{"rendered":"Electricity"},"content":{"rendered":"<script style=\"z-index: -100\" async src=\"https:\/\/www.googletagmanager.com\/gtag\/js?id=G-KG0MBX02SM\"><\/script>\n<script>\n  window.dataLayer = window.dataLayer || [];\n  function gtag(){dataLayer.push(arguments);}\n  gtag('js', new Date());\n\n  gtag('config', 'G-KG0MBX02SM');\n<\/script>\n\n\n\n<div class=\"wp-block-uagb-buttons uagb-buttons__outer-wrap uagb-btn__default-btn uagb-btn-tablet__default-btn uagb-btn-mobile__default-btn uagb-block-8d20f7d4 Pulse buttontoform uag-hide-mob\"><div class=\"uagb-buttons__wrap uagb-buttons-layout-wrap\">\n<div class=\"wp-block-uagb-buttons-child uagb-buttons__outer-wrap uagb-block-cfd0a721 wp-block-button\"><div class=\"uagb-button__wrapper\"><a class=\"uagb-buttons-repeater wp-block-button__link\" aria-label=\"\" href=\"https:\/\/www.tavigriesti.lv\/en\/#konsultacija\" rel=\"follow noopener\" target=\"_self\" role=\"button\"><div class=\"uagb-button__link\"><strong>Submit<br>a consultation<\/strong><\/div><span class=\"uagb-button__icon uagb-button__icon-position-after\"><svg xmlns=\"https:\/\/www.w3.org\/2000\/svg\" viewbox=\"0 0 448 512\" aria-hidden=\"true\" focussable=\"false\"><path d=\"M438.6 278.6l-160 160C272.4 444.9 264.2 448 256 448s-16.38-3.125-22.62-9.375c-12.5-12.5-12.5-32.75 0-45.25L338.8 288H32C14.33 288 .0016 273.7 .0016 256S14.33 224 32 224h306.8l-105.4-105.4c-12.5-12.5-12.5-32.75 0-45.25s32.75-12.5 45.25 0l160 160C451.1 245.9 451.1 266.1 438.6 278.6z\"><\/path><\/svg><\/span><\/a><\/div><\/div>\n<\/div><\/div>\n\n\n\n<div class=\"wp-block-uagb-container uagb-block-0ed09c6d alignfull uagb-is-root-container\"><div class=\"uagb-container-inner-blocks-wrap\">\n<div class=\"wp-block-uagb-info-box uagb-block-f774142d uagb-infobox__content-wrap  uagb-infobox-icon-above-title uagb-infobox-image-valign-top wp-block-uagb-info-box--has-margin\"><div class=\"uagb-infobox-margin-wrapper\"><div class=\"uagb-ifb-content\"><div class=\"uagb-ifb-title-wrap\"><h6 class=\"uagb-ifb-title-prefix\">Private specialist<\/h6><h2 class=\"uagb-ifb-title\">Certified electrician services<\/h2><\/div><\/div><\/div><\/div>\n\n\n\n<div class=\"wp-block-uagb-container uagb-layout-flex uagb-block-3f8ad407 alignfull uagb-is-root-container\"><div class=\"uagb-container-inner-blocks-wrap\">\n<div class=\"wp-block-uagb-container uagb-layout-flex uagb-block-08661470\">\n<figure data-wp-context=\"{&quot;imageId&quot;:&quot;69e4b9aac3a58&quot;}\" data-wp-interactive=\"core\/image\" data-wp-key=\"69e4b9aac3a58\" class=\"wp-block-image size-large is-resized wp-lightbox-container\"><img loading=\"lazy\" decoding=\"async\" width=\"766\" height=\"1024\" data-wp-class--hide=\"state.isContentHidden\" data-wp-class--show=\"state.isContentVisible\" data-wp-init=\"callbacks.setButtonStyles\" data-wp-on--click=\"actions.showLightbox\" data-wp-on--load=\"callbacks.setButtonStyles\" data-wp-on-window--resize=\"callbacks.setButtonStyles\" src=\"https:\/\/www.tavigriesti.lv\/wp-content\/uploads\/2024\/11\/Dmitrij-766x1024.jpg\" alt=\"Dmitrijs M.\" class=\"wp-image-3879\" style=\"aspect-ratio:4\/3;object-fit:cover;width:600px\" srcset=\"https:\/\/www.tavigriesti.lv\/wp-content\/uploads\/2024\/11\/Dmitrij-766x1024.jpg 766w, https:\/\/www.tavigriesti.lv\/wp-content\/uploads\/2024\/11\/Dmitrij-224x300.jpg 224w, https:\/\/www.tavigriesti.lv\/wp-content\/uploads\/2024\/11\/Dmitrij-768x1027.jpg 768w, https:\/\/www.tavigriesti.lv\/wp-content\/uploads\/2024\/11\/Dmitrij-1149x1536.jpg 1149w, https:\/\/www.tavigriesti.lv\/wp-content\/uploads\/2024\/11\/Dmitrij-1532x2048.jpg 1532w, https:\/\/www.tavigriesti.lv\/wp-content\/uploads\/2024\/11\/Dmitrij-9x12.jpg 9w, https:\/\/www.tavigriesti.lv\/wp-content\/uploads\/2024\/11\/Dmitrij-scaled.jpg 1914w\" sizes=\"auto, (max-width: 766px) 100vw, 766px\" \/><button\n\t\t\tclass=\"lightbox-trigger\"\n\t\t\ttype=\"button\"\n\t\t\taria-haspopup=\"dialog\"\n\t\t\taria-label=\"Enlarge\"\n\t\t\tdata-wp-init=\"callbacks.initTriggerButton\"\n\t\t\tdata-wp-on--click=\"actions.showLightbox\"\n\t\t\tdata-wp-style--right=\"state.imageButtonRight\"\n\t\t\tdata-wp-style--top=\"state.imageButtonTop\"\n\t\t>\n\t\t\t<svg xmlns=\"http:\/\/www.w3.org\/2000\/svg\" width=\"12\" height=\"12\" fill=\"none\" viewbox=\"0 0 12 12\">\n\t\t\t\t<path fill=\"#fff\" d=\"M2 0a2 2 0 0 0-2 2v2h1.5V2a.5.5 0 0 1 .5-.5h2V0H2Zm2 10.5H2a.5.5 0 0 1-.5-.5V8H0v2a2 2 0 0 0 2 2h2v-1.5ZM8 12v-1.5h2a.5.5 0 0 0 .5-.5V8H12v2a2 2 0 0 1-2 2H8Zm2-12a2 2 0 0 1 2 2v2h-1.5V2a.5.5 0 0 0-.5-.5H8V0h2Z\" \/>\n\t\t\t<\/svg>\n\t\t<\/button><\/figure>\n<\/div>\n\n\n\n<div class=\"wp-block-uagb-info-box uagb-block-dd0be90f uagb-infobox__content-wrap  uagb-infobox-icon-above-title uagb-infobox-image-valign-top wp-block-uagb-info-box--has-margin\"><div class=\"uagb-infobox-margin-wrapper\"><div class=\"uagb-ifb-content\"><div class=\"uagb-ifb-title-wrap\"><h3 class=\"uagb-ifb-title\">Dmitriy M.<\/h3><\/div><p class=\"uagb-ifb-desc\">An electrical equipment specialist with more than 10 years of experience in Latvia and abroad will help you solve any type of electrical problems, as well as build internal and external electrical networks.<br><br>If necessary, there is a small team with extensive experience for larger objects. Our goal is precision and quality. Individual approach to each client and guarantees.<br><br>Certificate \u2013 <a class=\"zoom\" href=\"https:\/\/www.tavigriesti.lv\/wp-content\/uploads\/2024\/11\/dasert-1.png\" target=\"_blank\">Electrical Equipment Specialist No. 19-2218<\/a><\/p><\/div><\/div><\/div>\n<\/div><\/div>\n<\/div><\/div>\n\n\n\n<div class=\"wp-block-uagb-advanced-heading uagb-block-adfe8a23\"><h2 class=\"uagb-heading-text\">Services<\/h2><\/div>\n\n\n\n<div class=\"wp-block-uagb-container uagb-layout-flex uagb-block-ec395ab5 alignfull uagb-is-root-container\"><div class=\"uagb-container-inner-blocks-wrap\">\n<ul style=\"padding-right:var(--wp--preset--spacing--20);padding-left:var(--wp--preset--spacing--20)\" class=\"wp-block-list has-medium-font-size\">\n<li class=\"liiconST\">Electrical installation repair<\/li>\n\n\n\n<li class=\"liiconST\">Socket and light switch connection\/repair<\/li>\n\n\n\n<li class=\"liiconST\">Outdoor lighting installation\/repair<\/li>\n\n\n\n<li class=\"liiconST\">Connecting a motion \/ light sensor <\/li>\n<\/ul>\n\n\n\n<ul style=\"padding-right:var(--wp--preset--spacing--20);padding-left:var(--wp--preset--spacing--20)\" class=\"wp-block-list has-medium-font-size\">\n<li class=\"liiconST\">Interior lighting installation \/ repair<\/li>\n\n\n\n<li class=\"liiconST\">Electricity meter replacement \/ installation<\/li>\n\n\n\n<li class=\"liiconST\">Electrical installation<\/li>\n\n\n\n<li class=\"liiconST\">LED strip connection<\/li>\n<\/ul>\n<\/div><\/div>","protected":false},"excerpt":{"rendered":"<p>Services<\/p>","protected":false},"author":1,"featured_media":0,"parent":912,"menu_order":0,"comment_status":"closed","ping_status":"closed","template":"","meta":{"_uag_custom_page_level_css":"","site-sidebar-layout":"default","site-content-layout":"","ast-site-content-layout":"default","site-content-style":"default","site-sidebar-style":"default","ast-global-header-display":"","ast-banner-title-visibility":"","ast-main-header-display":"","ast-hfb-above-header-display":"","ast-hfb-below-header-display":"","ast-hfb-mobile-header-display":"","site-post-title":"disabled","ast-breadcrumbs-content":"","ast-featured-img":"","footer-sml-layout":"","ast-disable-related-posts":"","theme-transparent-header-meta":"","adv-header-id-meta":"","stick-header-meta":"","header-above-stick-meta":"","header-main-stick-meta":"","header-below-stick-meta":"","astra-migrate-meta-layouts":"set","ast-page-background-enabled":"default","ast-page-background-meta":{"desktop":{"background-color":"","background-image":"","background-repeat":"repeat","background-position":"center center","background-size":"auto","background-attachment":"scroll","background-type":"","background-media":"","overlay-type":"","overlay-color":"","overlay-opacity":"","overlay-gradient":""},"tablet":{"background-color":"","background-image":"","background-repeat":"repeat","background-position":"center center","background-size":"auto","background-attachment":"scroll","background-type":"","background-media":"","overlay-type":"","overlay-color":"","overlay-opacity":"","overlay-gradient":""},"mobile":{"background-color":"","background-image":"","background-repeat":"repeat","background-position":"center center","background-size":"auto","background-attachment":"scroll","background-type":"","background-media":"","overlay-type":"","overlay-color":"","overlay-opacity":"","overlay-gradient":""}},"ast-content-background-meta":{"desktop":{"background-color":"var(--ast-global-color-5)","background-image":"","background-repeat":"repeat","background-position":"center center","background-size":"auto","background-attachment":"scroll","background-type":"","background-media":"","overlay-type":"","overlay-color":"","overlay-opacity":"","overlay-gradient":""},"tablet":{"background-color":"var(--ast-global-color-5)","background-image":"","background-repeat":"repeat","background-position":"center center","background-size":"auto","background-attachment":"scroll","background-type":"","background-media":"","overlay-type":"","overlay-color":"","overlay-opacity":"","overlay-gradient":""},"mobile":{"background-color":"var(--ast-global-color-5)","background-image":"","background-repeat":"repeat","background-position":"center center","background-size":"auto","background-attachment":"scroll","background-type":"","background-media":"","overlay-type":"","overlay-color":"","overlay-opacity":"","overlay-gradient":""}},"footnotes":""},"class_list":["post-3875","page","type-page","status-publish","hentry"],"yoast_head":"<!-- This site is optimized with the Yoast SEO plugin v27.0 - https:\/\/yoast.com\/product\/yoast-seo-wordpress\/ -->\n<title>Elektr\u012bba | Sertific\u0113ta elektri\u0137a pakalpojumi<\/title>\n<meta name=\"description\" content=\"Elektrisko iek\u0101rtu speci\u0101lists ar vair\u0101k k\u0101 10 gadu pieredzi Latvij\u0101 un \u0101rzem\u0113s, pal\u012bdz\u0113s atrisin\u0101t jebkura veida probl\u0113mas ar elektr\u012bbu, k\u0101 ar\u012b izb\u016bv\u0113t iek\u0161\u0113jos un \u0101r\u0113jos elektrot\u012bklus.\" \/>\n<meta name=\"robots\" content=\"index, follow, max-snippet:-1, max-image-preview:large, max-video-preview:-1\" \/>\n<link rel=\"canonical\" href=\"https:\/\/www.tavigriesti.lv\/en\/pakalpojumi\/elektriba\/\" \/>\n<meta property=\"og:locale\" content=\"en_US\" \/>\n<meta property=\"og:type\" content=\"article\" \/>\n<meta property=\"og:title\" content=\"Elektr\u012bba | Sertific\u0113ta elektri\u0137a pakalpojumi\" \/>\n<meta property=\"og:description\" content=\"Elektrisko iek\u0101rtu speci\u0101lists ar vair\u0101k k\u0101 10 gadu pieredzi Latvij\u0101 un \u0101rzem\u0113s, pal\u012bdz\u0113s atrisin\u0101t jebkura veida probl\u0113mas ar elektr\u012bbu, k\u0101 ar\u012b izb\u016bv\u0113t iek\u0161\u0113jos un \u0101r\u0113jos elektrot\u012bklus.\" \/>\n<meta property=\"og:url\" content=\"https:\/\/www.tavigriesti.lv\/en\/pakalpojumi\/elektriba\/\" \/>\n<meta property=\"og:site_name\" content=\"Tavi Griesti\" \/>\n<meta property=\"article:modified_time\" content=\"2025-09-15T14:13:18+00:00\" \/>\n<meta property=\"og:image\" content=\"https:\/\/www.tavigriesti.lv\/wp-content\/uploads\/2024\/11\/Dmitrij-scaled.jpg\" \/>\n\t<meta property=\"og:image:width\" content=\"1914\" \/>\n\t<meta property=\"og:image:height\" content=\"2560\" \/>\n\t<meta property=\"og:image:type\" content=\"image\/jpeg\" \/>\n<meta name=\"twitter:card\" content=\"summary_large_image\" \/>\n<meta name=\"twitter:label1\" content=\"Est. reading time\" \/>\n\t<meta name=\"twitter:data1\" content=\"1 minute\" \/>\n<script type=\"application\/ld+json\" class=\"yoast-schema-graph\">{\"@context\":\"https:\/\/schema.org\",\"@graph\":[{\"@type\":\"WebPage\",\"@id\":\"https:\/\/www.tavigriesti.lv\/pakalpojumi\/elektriba\/\",\"url\":\"https:\/\/www.tavigriesti.lv\/pakalpojumi\/elektriba\/\",\"name\":\"Elektr\u012bba | Sertific\u0113ta elektri\u0137a pakalpojumi\",\"isPartOf\":{\"@id\":\"https:\/\/www.tavigriesti.lv\/#website\"},\"primaryImageOfPage\":{\"@id\":\"https:\/\/www.tavigriesti.lv\/pakalpojumi\/elektriba\/#primaryimage\"},\"image\":{\"@id\":\"https:\/\/www.tavigriesti.lv\/pakalpojumi\/elektriba\/#primaryimage\"},\"thumbnailUrl\":\"https:\/\/www.tavigriesti.lv\/wp-content\/uploads\/2024\/11\/Dmitrij-766x1024.jpg\",\"datePublished\":\"2024-11-25T11:20:20+00:00\",\"dateModified\":\"2025-09-15T14:13:18+00:00\",\"description\":\"Elektrisko iek\u0101rtu speci\u0101lists ar vair\u0101k k\u0101 10 gadu pieredzi Latvij\u0101 un \u0101rzem\u0113s, pal\u012bdz\u0113s atrisin\u0101t jebkura veida probl\u0113mas ar elektr\u012bbu, k\u0101 ar\u012b izb\u016bv\u0113t iek\u0161\u0113jos un \u0101r\u0113jos elektrot\u012bklus.\",\"breadcrumb\":{\"@id\":\"https:\/\/www.tavigriesti.lv\/pakalpojumi\/elektriba\/#breadcrumb\"},\"inLanguage\":\"en-US\",\"potentialAction\":[{\"@type\":\"ReadAction\",\"target\":[\"https:\/\/www.tavigriesti.lv\/pakalpojumi\/elektriba\/\"]}]},{\"@type\":\"ImageObject\",\"inLanguage\":\"en-US\",\"@id\":\"https:\/\/www.tavigriesti.lv\/pakalpojumi\/elektriba\/#primaryimage\",\"url\":\"https:\/\/www.tavigriesti.lv\/wp-content\/uploads\/2024\/11\/Dmitrij-766x1024.jpg\",\"contentUrl\":\"https:\/\/www.tavigriesti.lv\/wp-content\/uploads\/2024\/11\/Dmitrij-766x1024.jpg\"},{\"@type\":\"BreadcrumbList\",\"@id\":\"https:\/\/www.tavigriesti.lv\/pakalpojumi\/elektriba\/#breadcrumb\",\"itemListElement\":[{\"@type\":\"ListItem\",\"position\":1,\"name\":\"Home\",\"item\":\"https:\/\/www.tavigriesti.lv\/\"},{\"@type\":\"ListItem\",\"position\":2,\"name\":\"Pakalpojumi\",\"item\":\"https:\/\/www.tavigriesti.lv\/pakalpojumi\/\"},{\"@type\":\"ListItem\",\"position\":3,\"name\":\"Elektr\u012bba\"}]},{\"@type\":\"WebSite\",\"@id\":\"https:\/\/www.tavigriesti.lv\/#website\",\"url\":\"https:\/\/www.tavigriesti.lv\/\",\"name\":\"TaviGriesti.lv\",\"description\":\"Tiem, kas skat\u0101s uz aug\u0161u\",\"publisher\":{\"@id\":\"https:\/\/www.tavigriesti.lv\/#organization\"},\"potentialAction\":[{\"@type\":\"SearchAction\",\"target\":{\"@type\":\"EntryPoint\",\"urlTemplate\":\"https:\/\/www.tavigriesti.lv\/?s={search_term_string}\"},\"query-input\":{\"@type\":\"PropertyValueSpecification\",\"valueRequired\":true,\"valueName\":\"search_term_string\"}}],\"inLanguage\":\"en-US\"},{\"@type\":\"Organization\",\"@id\":\"https:\/\/www.tavigriesti.lv\/#organization\",\"name\":\"Tavi Griesti\",\"url\":\"https:\/\/www.tavigriesti.lv\/\",\"logo\":{\"@type\":\"ImageObject\",\"inLanguage\":\"en-US\",\"@id\":\"https:\/\/www.tavigriesti.lv\/#\/schema\/logo\/image\/\",\"url\":\"https:\/\/www.tavigriesti.lv\/wp-content\/uploads\/2024\/11\/tavigriesti_card-1.png\",\"contentUrl\":\"https:\/\/www.tavigriesti.lv\/wp-content\/uploads\/2024\/11\/tavigriesti_card-1.png\",\"width\":1401,\"height\":1051,\"caption\":\"Tavi Griesti\"},\"image\":{\"@id\":\"https:\/\/www.tavigriesti.lv\/#\/schema\/logo\/image\/\"},\"sameAs\":[\"https:\/\/www.youtube.com\/@Franugriesti\/featured\",\"https:\/\/www.instagram.com\/tavi_griesti?igsh=MWt0dHMzZWFid3J6bA==\",\"https:\/\/web.telegram.org\/k\/#@tavigriesti\"]}]}<\/script>\n<!-- \/ Yoast SEO plugin. -->","yoast_head_json":{"title":"Elektr\u012bba | Sertific\u0113ta elektri\u0137a pakalpojumi","description":"An electrical equipment specialist with more than 10 years of experience in Latvia and abroad will help you solve any type of electrical problems, as well as build internal and external electrical networks.","robots":{"index":"index","follow":"follow","max-snippet":"max-snippet:-1","max-image-preview":"max-image-preview:large","max-video-preview":"max-video-preview:-1"},"canonical":"https:\/\/www.tavigriesti.lv\/en\/pakalpojumi\/elektriba\/","og_locale":"en_US","og_type":"article","og_title":"Elektr\u012bba | Sertific\u0113ta elektri\u0137a pakalpojumi","og_description":"Elektrisko iek\u0101rtu speci\u0101lists ar vair\u0101k k\u0101 10 gadu pieredzi Latvij\u0101 un \u0101rzem\u0113s, pal\u012bdz\u0113s atrisin\u0101t jebkura veida probl\u0113mas ar elektr\u012bbu, k\u0101 ar\u012b izb\u016bv\u0113t iek\u0161\u0113jos un \u0101r\u0113jos elektrot\u012bklus.","og_url":"https:\/\/www.tavigriesti.lv\/en\/pakalpojumi\/elektriba\/","og_site_name":"Tavi Griesti","article_modified_time":"2025-09-15T14:13:18+00:00","og_image":[{"width":1914,"height":2560,"url":"https:\/\/www.tavigriesti.lv\/wp-content\/uploads\/2024\/11\/Dmitrij-scaled.jpg","type":"image\/jpeg"}],"twitter_card":"summary_large_image","twitter_misc":{"Est. reading time":"1 minute"},"schema":{"@context":"https:\/\/schema.org","@graph":[{"@type":"WebPage","@id":"https:\/\/www.tavigriesti.lv\/pakalpojumi\/elektriba\/","url":"https:\/\/www.tavigriesti.lv\/pakalpojumi\/elektriba\/","name":"Elektr\u012bba | Sertific\u0113ta elektri\u0137a pakalpojumi","isPartOf":{"@id":"https:\/\/www.tavigriesti.lv\/#website"},"primaryImageOfPage":{"@id":"https:\/\/www.tavigriesti.lv\/pakalpojumi\/elektriba\/#primaryimage"},"image":{"@id":"https:\/\/www.tavigriesti.lv\/pakalpojumi\/elektriba\/#primaryimage"},"thumbnailUrl":"https:\/\/www.tavigriesti.lv\/wp-content\/uploads\/2024\/11\/Dmitrij-766x1024.jpg","datePublished":"2024-11-25T11:20:20+00:00","dateModified":"2025-09-15T14:13:18+00:00","description":"An electrical equipment specialist with more than 10 years of experience in Latvia and abroad will help you solve any type of electrical problems, as well as build internal and external electrical networks.","breadcrumb":{"@id":"https:\/\/www.tavigriesti.lv\/pakalpojumi\/elektriba\/#breadcrumb"},"inLanguage":"en-US","potentialAction":[{"@type":"ReadAction","target":["https:\/\/www.tavigriesti.lv\/pakalpojumi\/elektriba\/"]}]},{"@type":"ImageObject","inLanguage":"en-US","@id":"https:\/\/www.tavigriesti.lv\/pakalpojumi\/elektriba\/#primaryimage","url":"https:\/\/www.tavigriesti.lv\/wp-content\/uploads\/2024\/11\/Dmitrij-766x1024.jpg","contentUrl":"https:\/\/www.tavigriesti.lv\/wp-content\/uploads\/2024\/11\/Dmitrij-766x1024.jpg"},{"@type":"BreadcrumbList","@id":"https:\/\/www.tavigriesti.lv\/pakalpojumi\/elektriba\/#breadcrumb","itemListElement":[{"@type":"ListItem","position":1,"name":"Home","item":"https:\/\/www.tavigriesti.lv\/"},{"@type":"ListItem","position":2,"name":"Pakalpojumi","item":"https:\/\/www.tavigriesti.lv\/pakalpojumi\/"},{"@type":"ListItem","position":3,"name":"Elektr\u012bba"}]},{"@type":"WebSite","@id":"https:\/\/www.tavigriesti.lv\/#website","url":"https:\/\/www.tavigriesti.lv\/","name":"TaviGriesti.lv","description":"For those who look up","publisher":{"@id":"https:\/\/www.tavigriesti.lv\/#organization"},"potentialAction":[{"@type":"SearchAction","target":{"@type":"EntryPoint","urlTemplate":"https:\/\/www.tavigriesti.lv\/?s={search_term_string}"},"query-input":{"@type":"PropertyValueSpecification","valueRequired":true,"valueName":"search_term_string"}}],"inLanguage":"en-US"},{"@type":"Organization","@id":"https:\/\/www.tavigriesti.lv\/#organization","name":"Tavi Griesti","url":"https:\/\/www.tavigriesti.lv\/","logo":{"@type":"ImageObject","inLanguage":"en-US","@id":"https:\/\/www.tavigriesti.lv\/#\/schema\/logo\/image\/","url":"https:\/\/www.tavigriesti.lv\/wp-content\/uploads\/2024\/11\/tavigriesti_card-1.png","contentUrl":"https:\/\/www.tavigriesti.lv\/wp-content\/uploads\/2024\/11\/tavigriesti_card-1.png","width":1401,"height":1051,"caption":"Tavi Griesti"},"image":{"@id":"https:\/\/www.tavigriesti.lv\/#\/schema\/logo\/image\/"},"sameAs":["https:\/\/www.youtube.com\/@Franugriesti\/featured","https:\/\/www.instagram.com\/tavi_griesti?igsh=MWt0dHMzZWFid3J6bA==","https:\/\/web.telegram.org\/k\/#@tavigriesti"]}]}},"uagb_featured_image_src":{"full":false,"thumbnail":false,"medium":false,"medium_large":false,"large":false,"1536x1536":false,"2048x2048":false,"trp-custom-language-flag":false},"uagb_author_info":{"display_name":"Tavi Griesti","author_link":"https:\/\/www.tavigriesti.lv\/en\/author\/ceiling1\/"},"uagb_comment_info":0,"uagb_excerpt":"Pakalpojumi","_links":{"self":[{"href":"https:\/\/www.tavigriesti.lv\/en\/wp-json\/wp\/v2\/pages\/3875","targetHints":{"allow":["GET"]}}],"collection":[{"href":"https:\/\/www.tavigriesti.lv\/en\/wp-json\/wp\/v2\/pages"}],"about":[{"href":"https:\/\/www.tavigriesti.lv\/en\/wp-json\/wp\/v2\/types\/page"}],"author":[{"embeddable":true,"href":"https:\/\/www.tavigriesti.lv\/en\/wp-json\/wp\/v2\/users\/1"}],"replies":[{"embeddable":true,"href":"https:\/\/www.tavigriesti.lv\/en\/wp-json\/wp\/v2\/comments?post=3875"}],"version-history":[{"count":42,"href":"https:\/\/www.tavigriesti.lv\/en\/wp-json\/wp\/v2\/pages\/3875\/revisions"}],"predecessor-version":[{"id":5727,"href":"https:\/\/www.tavigriesti.lv\/en\/wp-json\/wp\/v2\/pages\/3875\/revisions\/5727"}],"up":[{"embeddable":true,"href":"https:\/\/www.tavigriesti.lv\/en\/wp-json\/wp\/v2\/pages\/912"}],"wp:attachment":[{"href":"https:\/\/www.tavigriesti.lv\/en\/wp-json\/wp\/v2\/media?parent=3875"}],"curies":[{"name":"wp","href":"https:\/\/api.w.org\/{rel}","templated":true}]}}